{"id":11,"date":"2012-10-23T20:03:57","date_gmt":"2012-10-23T20:03:57","guid":{"rendered":"http:\/\/www.andinc.org\/v4\/?page_id=11"},"modified":"2024-12-12T20:35:57","modified_gmt":"2024-12-12T20:35:57","slug":"bio","status":"publish","type":"page","link":"https:\/\/www.andinc.org\/site\/bio\/","title":{"rendered":"Bio"},"content":{"rendered":"\n<figure class=\"wp-block-image alignleft size-medium\"><img loading=\"lazy\" decoding=\"async\" width=\"300\" height=\"300\" src=\"https:\/\/www.andinc.org\/site\/wp-content\/uploads\/2023\/09\/ms_bl-copy-300x300.jpg\" alt=\"\" class=\"wp-image-1091\" style=\"aspect-ratio:1;object-fit:cover\" title=\"Bio Pic\" srcset=\"https:\/\/www.andinc.org\/site\/wp-content\/uploads\/2023\/09\/ms_bl-copy-300x300.jpg 300w, https:\/\/www.andinc.org\/site\/wp-content\/uploads\/2023\/09\/ms_bl-copy-150x150.jpg 150w, https:\/\/www.andinc.org\/site\/wp-content\/uploads\/2023\/09\/ms_bl-copy.jpg 490w\" sizes=\"auto, (max-width: 300px) 100vw, 300px\" \/><figcaption class=\"wp-element-caption\">Photo credit: Brian Looby<\/figcaption><\/figure>\n\n\n\n<p>Mark Shepard is an artist, architect and researcher whose work addresses contemporary entanglements of people and data, code and space, knowledge and power.<\/p>\n\n\n\n<p>His book, <em><a href=\"https:\/\/mitpress.mit.edu\/9780262047470\/\" data-type=\"URL\" data-id=\"https:\/\/mitpress.mit.edu\/9780262047470\/\" target=\"_blank\" rel=\"noreferrer noopener\">There Are No Facts: attentive algorithms, extractive data practices and the quantification of everyday life<\/a><\/em> (MIT Press in 2022) examines the uncommon ground we share in a post-truth world. He is an editor of the <em>Situated Technologies Pamphlets Series<\/em> (The Architectural League of New York) and editor of <em>Sentient City: ubiquitous computing, architecture and the future of urban space<\/em> (MIT Press, 2011).<\/p>\n\n\n\n<p>His work has been exhibited at museums, galleries and festivals internationally, including the Venice International Architecture Biennial; the Prix Ars Electronica; Transmediale; the International Architecture Biennial Rotterdam; The Dutch Electronic Arts Festival (DEAF); Arte.Mov Festival for Mobile Media Art, S\u00e3o Paulo, Brazil;&nbsp;Haus f\u00fcr elektronische K\u00fcnst, Basel; FACT Liverpool; the Medialab Prado, Madrid, Spain; and Eyebeam Art + Technology Center, New York. It has been supported by Creative Capital, the European Union Culture Programme 2007-2013, the New York State Council on the Arts, the Architectural League of New York, and Eyebeam Art + Technology Center, among others.<\/p>\n\n\n\n<p>Mark is a Professor of Architecture and Media Study at the University at Buffalo, The State University of New York, where he directs the <a href=\"https:\/\/cast.b-ap.net\/\" target=\"_blank\" rel=\"noreferrer noopener\">Center for Architecture and Situated Technologies (CAST)<\/a>. He has been a visiting researcher with the Network Architecture Lab at Studio-X, Graduate School of Architecture, Planning and Preservation of Columbia University, and a fellow at Eyebeam Art + Technology Center in New York.<\/p>\n","protected":false},"excerpt":{"rendered":"<p>Mark Shepard is an artist, architect and researcher whose work addresses contemporary entanglements of people and data, code and space, knowledge and power. His book, There Are No Facts: attentive algorithms, extractive data practices and the quantification of everyday life (MIT Press in 2022) examines the uncommon ground we share in a post-truth world. He [&hellip;]<\/p>\n","protected":false},"author":1,"featured_media":0,"parent":0,"menu_order":0,"comment_status":"closed","ping_status":"closed","template":"","meta":{"footnotes":""},"class_list":["post-11","page","type-page","status-publish","hentry"],"blocksy_meta":{"styles_descriptor":{"styles":{"desktop":"","tablet":"","mobile":""},"google_fonts":[],"version":6}},"_links":{"self":[{"href":"https:\/\/www.andinc.org\/site\/wp-json\/wp\/v2\/pages\/11","targetHints":{"allow":["GET"]}}],"collection":[{"href":"https:\/\/www.andinc.org\/site\/wp-json\/wp\/v2\/pages"}],"about":[{"href":"https:\/\/www.andinc.org\/site\/wp-json\/wp\/v2\/types\/page"}],"author":[{"embeddable":true,"href":"https:\/\/www.andinc.org\/site\/wp-json\/wp\/v2\/users\/1"}],"replies":[{"embeddable":true,"href":"https:\/\/www.andinc.org\/site\/wp-json\/wp\/v2\/comments?post=11"}],"version-history":[{"count":9,"href":"https:\/\/www.andinc.org\/site\/wp-json\/wp\/v2\/pages\/11\/revisions"}],"predecessor-version":[{"id":1145,"href":"https:\/\/www.andinc.org\/site\/wp-json\/wp\/v2\/pages\/11\/revisions\/1145"}],"wp:attachment":[{"href":"https:\/\/www.andinc.org\/site\/wp-json\/wp\/v2\/media?parent=11"}],"curies":[{"name":"wp","href":"https:\/\/api.w.org\/{rel}","templated":true}]}}